{"id":1276,"date":"2025-01-19T11:33:50","date_gmt":"2025-01-19T10:33:50","guid":{"rendered":"https:\/\/www.freepics.ch\/?page_id=1276"},"modified":"2025-01-19T21:15:49","modified_gmt":"2025-01-19T20:15:49","slug":"blog-horizontal-with-sidebar","status":"publish","type":"page","link":"https:\/\/www.freepics.ch\/?page_id=1276","title":{"rendered":"BLOG"},"content":{"rendered":"<div class=\"wpb-content-wrapper\"><p>[vc_row][vc_column][vc_column_text css=&#8220;&#8220;]<\/p>\n<h5>Aktuelles rund um mich und meine Dienstleistungen<\/h5>\n<p>[\/vc_column_text]<div class=\"blog-block\"><div class=\"blog-items load-wrap row blog-type-horizontal blog-59bfa5cd550aa \"><article class=\"blog-item  category-106 with-image col-12\"><div class=\"wrap\"><div class=\"img\" data-original=\"https:\/\/www.freepics.ch\/wp-content\/uploads\/2025\/01\/IRIS-Mystical-Explosion-1600er-1024x683.jpg\"><a href=\"https:\/\/www.freepics.ch\/?p=4217\" style=\"background-image: url(https:\/\/www.freepics.ch\/wp-content\/uploads\/2025\/01\/IRIS-Mystical-Explosion-1600er-1024x683.jpg);\"><\/a><\/div><div class=\"content\"><h5><a href=\"https:\/\/www.freepics.ch\/?p=4217\">IRIS Fotografie<\/a><\/h5><div class=\"date\">6. April 2026<\/div><p>\nDie Iris des menschlichen Auges, auch Regenbogenhaut genannt, hat einen Durchmesser von etwa einem Zentimeter. Die durch Pigmente gef\u00e4rbte Blende des Auges ist noch individueller als ein Fingerabdruck. Um die Iris zu fotografieren, braucht man ein spezielle Ausr\u00fcstung und viel Erfahrung, welches Irispicture den Kunden mit voller \u00dcberzeugung bietet. Miteiner Kombination aus einem patentierten, selbst entwickeltem System mitk\u00fcnstlicher Intelligenz, ...<\/p><\/div><\/div><\/article><article class=\"blog-item  category-104 with-image col-12\"><div class=\"wrap\"><div class=\"img\" data-original=\"https:\/\/www.freepics.ch\/wp-content\/uploads\/2026\/04\/Photobooth-Layout-1800x1200-04-900er.jpg\"><a href=\"https:\/\/www.freepics.ch\/?p=4128\" style=\"background-image: url(https:\/\/www.freepics.ch\/wp-content\/uploads\/2026\/04\/Photobooth-Layout-1800x1200-04-900er.jpg);\"><\/a><\/div><div class=\"content\"><h5><a href=\"https:\/\/www.freepics.ch\/?p=4128\">MYFOTOBOX365 for \u00abHigh Quality PIC\u2019s\u00bb<\/a><\/h5><div class=\"date\">3. April 2026<\/div><p>\nDAS UNSCHLAGBARE ANGEBOT in der NORDWESTSCHWEIZ\n\n\n\nFOTO-QUALIT\u00c4T wie Sie es noch NIE gesehen haben in 6720 x 4480 Pixel Aufl\u00f6sung!\n\n\n\n\n\n\n\nDie Fotobox ist mit einer 30,4 Megapixel-CMOS Vollformat PROFI-Spiegelreflexkamera Canon EOS 5D Mark IV (6720 x 4480 Pixel) ausgestattet, verf\u00fcgt \u00fcber einen 14\u2033 Touchscreen ASUS Zenbook 14 OLED und einem\u00a0integrierten\u00a0Systemblitzeinheit ELINCHROM ELB400. Die perfekt ausgeleuchteten und scharfgestochenen Bilder k\u00f6...<\/p><\/div><\/div><\/article><article class=\"blog-item  category-36 with-image col-12\"><div class=\"wrap\"><div class=\"img\" data-original=\"https:\/\/www.freepics.ch\/wp-content\/uploads\/2025\/01\/portrait-31.jpg\"><a href=\"https:\/\/www.freepics.ch\/?p=3609\" style=\"background-image: url(https:\/\/www.freepics.ch\/wp-content\/uploads\/2025\/01\/portrait-31.jpg);\"><\/a><\/div><div class=\"content\"><h5><a href=\"https:\/\/www.freepics.ch\/?p=3609\">Outdoor Shooting<\/a><\/h5><div class=\"date\">18. Januar 2025<\/div><p>\nDu m\u00f6chtest mit einzigartigen Portr\u00e4ts \u00fcberraschen oder dir selbst etwas Gutes tun?\n\n\n\nIn einer angenehmen, unkomplizierten und lockeren Atmosph\u00e4re, kannst du einfach mal loslassen und du selbst sein. So geht es in unseren Foto Shootings nicht um oberfl\u00e4chliche Ablichtungen unter Zeitdruck, sondern um echte, freundschaftliche Begegnungen, wo du dich einfach wohl und frei f\u00fchlen kannst.&nbsp; Deine individuelle Pers\u00f6nlichkeit ohne Hemmungen zeigen ...<\/p><\/div><\/div><\/article><article class=\"blog-item  category-37 with-image col-12\"><div class=\"wrap\"><div class=\"img\" data-original=\"https:\/\/www.freepics.ch\/wp-content\/uploads\/2025\/01\/studiosession_02a-1024x623.jpg\"><a href=\"https:\/\/www.freepics.ch\/?p=3603\" style=\"background-image: url(https:\/\/www.freepics.ch\/wp-content\/uploads\/2025\/01\/studiosession_02a-1024x623.jpg);\"><\/a><\/div><div class=\"content\"><h5><a href=\"https:\/\/www.freepics.ch\/?p=3603\">Indoor Shooting<\/a><\/h5><div class=\"date\">18. Januar 2025<\/div><p>\nHomeshooting es ist Winter, es ist kalt und nass und nicht gerade das ideale Wetter, um im Freien zu fotografieren (auch f\u00fcr den Fotografen). Wie w\u00e4re es stattdessen in der eigenen warmen Wohnung?! Oder Sie sind schwanger und schaffen es nicht in unser Studio? Oft m\u00f6chte man auch gerne in der gewohnten Umgebung fotografiert werden.\n\n\n\nWir kommen gerne zu Ihnen nach Hause und wir machen in Ihrer gewohnten Umgebung ein tolles Event aus dem Shooting!...<\/p><\/div><\/div><\/article><article class=\"blog-item  category-38 with-image col-12\"><div class=\"wrap\"><div class=\"img\" data-original=\"https:\/\/www.freepics.ch\/wp-content\/uploads\/2025\/01\/webdesign-01.jpg\"><a href=\"https:\/\/www.freepics.ch\/?p=3597\" style=\"background-image: url(https:\/\/www.freepics.ch\/wp-content\/uploads\/2025\/01\/webdesign-01.jpg);\"><\/a><\/div><div class=\"content\"><h5><a href=\"https:\/\/www.freepics.ch\/?p=3597\">WEB Design<\/a><\/h5><div class=\"date\">18. Januar 2025<\/div><p>\nErf\u00fcllend, einzigartig, sinnstiftend. Deine Pro\u00addukte und Leist\u00adungen machen diese Welt zu einem besseren Ort. Wir sorgen daf\u00fcr, dass dein Angebot und dein Unter\u00adnehmen gesehen werden. Mit einem nachhaltigen Firmenauftritt, der deine Ziel\u00adgruppen in seinen Bann zieht.\n\n\n\nKlingt gut?\u00a0Dann lass uns kennen\u00adlernen. Finde in einem\u00a0kostenfreien Markenkonzept-Gespr\u00e4ch\u00a0heraus, wie du dein Unternehmen noch erfolgreicher positionierst und deine Zielgruppen ...<\/p><\/div><\/div><\/article><article class=\"blog-item  category-35 with-image col-12\"><div class=\"wrap\"><div class=\"img\" data-original=\"https:\/\/www.freepics.ch\/wp-content\/uploads\/2025\/01\/Aktshooting-22-819x1024.jpg\"><a href=\"https:\/\/www.freepics.ch\/?p=3606\" style=\"background-image: url(https:\/\/www.freepics.ch\/wp-content\/uploads\/2025\/01\/Aktshooting-22-819x1024.jpg);\"><\/a><\/div><div class=\"content\"><div class=\"locked\"><i class=\"fa fa-lock\"><\/i><\/div><h5><a href=\"https:\/\/www.freepics.ch\/?p=3606\">AKT Shooting<\/a><\/h5><div class=\"date\">6. Januar 2025<\/div><p>Aktfotografie\n\u00dcberraschen Sie Ihren Liebsten doch mal mit einem \u00e4sthetischen Aktfoto oder gleich einer Akt-Serie. Aktfotografien k\u00f6nnen zu Hause in gewohnter Umgebung oder an einem ruhigen Pl\u00e4tzchen im Freien entstehen. Sinnlich sch\u00f6ne Aktaufnahmen als besonders einzigartige Erinnerung Gerade bei Aktaufnahmen beginnen wir mit einer kleinen Portraitserie, damit Sie sich behutsam an die vielleicht etwas ungewohnte Atmosph\u00e4re gew\u00f6hnen k\u00f6nnen. Da Vertr...<\/p><\/div><\/div><\/article><\/div><\/div>[\/vc_column][\/vc_row]<\/p>\n<\/div>","protected":false},"excerpt":{"rendered":"<p>[vc_row][vc_column][vc_column_text css=&#8220;&#8220;] Aktuelles rund um mich und meine Dienstleistungen [\/vc_column_text][\/vc_column][\/vc_row]<\/p>\n","protected":false},"author":1,"featured_media":3828,"parent":0,"menu_order":0,"comment_status":"closed","ping_status":"closed","template":"template-with-sidebar.php","meta":{"_acf_changed":false,"footnotes":""},"class_list":["post-1276","page","type-page","status-publish","has-post-thumbnail","hentry"],"acf":[],"_links":{"self":[{"href":"https:\/\/www.freepics.ch\/index.php?rest_route=\/wp\/v2\/pages\/1276","targetHints":{"allow":["GET"]}}],"collection":[{"href":"https:\/\/www.freepics.ch\/index.php?rest_route=\/wp\/v2\/pages"}],"about":[{"href":"https:\/\/www.freepics.ch\/index.php?rest_route=\/wp\/v2\/types\/page"}],"author":[{"embeddable":true,"href":"https:\/\/www.freepics.ch\/index.php?rest_route=\/wp\/v2\/users\/1"}],"replies":[{"embeddable":true,"href":"https:\/\/www.freepics.ch\/index.php?rest_route=%2Fwp%2Fv2%2Fcomments&post=1276"}],"version-history":[{"count":9,"href":"https:\/\/www.freepics.ch\/index.php?rest_route=\/wp\/v2\/pages\/1276\/revisions"}],"predecessor-version":[{"id":3935,"href":"https:\/\/www.freepics.ch\/index.php?rest_route=\/wp\/v2\/pages\/1276\/revisions\/3935"}],"wp:featuredmedia":[{"embeddable":true,"href":"https:\/\/www.freepics.ch\/index.php?rest_route=\/wp\/v2\/media\/3828"}],"wp:attachment":[{"href":"https:\/\/www.freepics.ch\/index.php?rest_route=%2Fwp%2Fv2%2Fmedia&parent=1276"}],"curies":[{"name":"wp","href":"https:\/\/api.w.org\/{rel}","templated":true}]}}